{"id":115,"date":"2019-12-23T16:43:44","date_gmt":"2019-12-23T15:43:44","guid":{"rendered":"https:\/\/www.abl-technic-uden.com\/de\/?page_id=115"},"modified":"2022-01-17T14:30:11","modified_gmt":"2022-01-17T13:30:11","slug":"chemische","status":"publish","type":"page","link":"https:\/\/www.abl-technic-uden.com\/de\/entlacken\/chemische\/","title":{"rendered":"Chemische Entlackung"},"content":{"rendered":"<section class=\"l-section wpb_row mw-custom-height menu-margin height_auto with_img\"><div class=\"l-section-img\" role=\"img\" data-img-width=\"2560\" data-img-height=\"1106\" style=\"background-image: url(https:\/\/www.abl-technic-uden.com\/de\/wp-content\/uploads\/2022\/01\/takel-bad-scaled.jpg);background-repeat: no-repeat;\"><\/div><div class=\"l-section-h i-cf\"><div class=\"g-cols vc_row via_flex valign_middle type_default stacking_default\"><div class=\"vc_col-sm-12 wpb_column vc_column_container\"><div class=\"vc_column-inner\"><div class=\"wpb_wrapper\"><div class=\"g-cols wpb_row mw-inner-row via_flex valign_middle type_default stacking_default\"><div class=\"vc_col-sm-6 wpb_column vc_column_container mc-animate-zoom-out-right mc-animate-delay-1000\"><div class=\"vc_column-inner\"><div class=\"wpb_wrapper\"><div class=\"wpb_text_column wit\"><div class=\"wpb_wrapper\"><h1>Chemisch Entlacken<\/h1>\n<\/div><\/div><\/div><\/div><\/div><div class=\"vc_col-sm-6 wpb_column vc_column_container\"><div class=\"vc_column-inner\"><div class=\"wpb_wrapper\"><\/div><\/div><\/div><\/div><\/div><\/div><\/div><\/div><\/div><\/section><section class=\"l-section wpb_row us_custom_8a398476 height_medium\"><div class=\"l-section-h i-cf\"><div class=\"g-cols vc_row via_flex valign_middle type_default stacking_default\"><div class=\"vc_col-sm-6 wpb_column vc_column_container custom-padding-right\"><div class=\"vc_column-inner\"><div class=\"wpb_wrapper\"><div class=\"wpb_text_column\"><div class=\"wpb_wrapper\"><h2>Was ist Chemisch Entlacken?<\/h2>\n<\/div><\/div><div class=\"wpb_text_column\"><div class=\"wpb_wrapper\"><p>Beim Chemisch Entlacken werden die Produkte f\u00fcr einen bestimmten Zeitraum in eine erhitzte Fl\u00fcssigkeit getaucht. Je nach Rohstoff und Nachbehandlung beim Kunden w\u00e4hlen wir aus den verschiedenen chemischen B\u00e4dern. Das Material wird dann manuell unter hohem Druck mit Wasser abgespritzt. Diese Technik eignet sich zum Entlacken aller Metalle und verschiedener Kunststoffe. Produkte, die neu beschichtet werden m\u00fcssen, werden anschlie\u00dfend in einer \u00d6l \/ Wasser-Emulsion aufbewahrt, um Korrosion w\u00e4hrend des Transports und der Lagerung zu verhindern. Auch hier ist es m\u00f6glich, die Materialien als Nachbehandlung zu strahlen.<\/p>\n<p>Das chemische Abbeizen von Farben wird haupts\u00e4chlich f\u00fcr abgelehnte Produkte aus einer Lackiererei sowie f\u00fcr Restaurierungs- \/ Wiederverwendungszwecke wie Z\u00e4une, Gartenm\u00f6bel, Ladeneinrichtungen und Fassadenplatten verwendet.<\/p>\n<ul>\n<li>Die maximalen Abmessungen der zu Entlacken Produkte betragen 9000 x 1500 x 1650 mm.<\/li>\n<li>Maximales Gewicht: 3.500 kg pro Korb.<\/li>\n<\/ul>\n<\/div><\/div><\/div><\/div><\/div><div class=\"vc_col-sm-6 wpb_column vc_column_container custom-padding-right\"><div class=\"vc_column-inner\"><div class=\"wpb_wrapper\"><div class=\"wpb_text_column\"><div class=\"wpb_wrapper\"><h4>Fragen?<\/h4>\n<\/div><\/div><div class=\"wpb_text_column blue-link\"><div class=\"wpb_wrapper\"><p>Wenn Sie Fragen zu unseren Prozessen haben und \/ oder wissen m\u00f6chten, ob Ihre Produkte mit unserer Technologie gereinigt oder entlackt werden k\u00f6nnen, kontaktieren Sie uns bitte und wir werden mit Sicherheit gemeinsam eine L\u00f6sung finden.<\/p>\n<p>Telefon +31 (0)413 &#8211; 33 10 83 oder senden Sie eine E-Mail an <a href=\"mailto:verkoop@abl-technic.com\">verkoop@abl-technic.com<\/a><\/p>\n<\/div><\/div><div class=\"w-btn-wrapper align_none\"><a class=\"w-btn us-btn-style_5\" title=\"Contact\" href=\"\/de\/kontakt\/\"><span class=\"w-btn-label\">Kontaktieren Sie uns<\/span><\/a><\/div><\/div><\/div><\/div><\/div><\/div><\/section><section class=\"l-section wpb_row us_custom_4cfb87d6 height_medium\"><div class=\"l-section-h i-cf\"><div class=\"g-cols vc_row via_flex valign_top type_default stacking_default\"><div class=\"vc_col-sm-12 wpb_column vc_column_container\"><div class=\"vc_column-inner\"><div class=\"wpb_wrapper\"><div class=\"wpb_text_column us_custom_ab60d7b5\"><div class=\"wpb_wrapper\"><h2 style=\"text-align: center;\">Falsch lackiert? Wir werden es f\u00fcr Sie l\u00f6sen!<\/h2>\n<\/div><\/div><div class=\"g-cols wpb_row via_flex valign_top type_default stacking_default\"><div class=\"vc_col-sm-4 wpb_column vc_column_container mw-custom-img-hover\"><div class=\"vc_column-inner\"><div class=\"wpb_wrapper\"><div class=\"w-image align_none\"><div class=\"w-image-h\"><img decoding=\"async\" width=\"1000\" height=\"665\" src=\"https:\/\/www.abl-technic-uden.com\/de\/wp-content\/uploads\/2020\/04\/scchoonstraalmateriaal.jpg\" class=\"attachment-large size-large\" alt=\"Strahlmaterial reinigen\" loading=\"lazy\" srcset=\"https:\/\/www.abl-technic-uden.com\/de\/wp-content\/uploads\/2020\/04\/scchoonstraalmateriaal.jpg 1000w, https:\/\/www.abl-technic-uden.com\/de\/wp-content\/uploads\/2020\/04\/scchoonstraalmateriaal-300x200.jpg 300w\" sizes=\"auto, (max-width: 1000px) 100vw, 1000px\" \/><\/div><\/div><\/div><\/div><\/div><div class=\"vc_col-sm-4 wpb_column vc_column_container mw-custom-img-hover\"><div class=\"vc_column-inner\"><div class=\"wpb_wrapper\"><div class=\"w-image align_none\"><div class=\"w-image-h\"><img decoding=\"async\" width=\"1024\" height=\"681\" src=\"https:\/\/www.abl-technic-uden.com\/de\/wp-content\/uploads\/2020\/05\/loogbad-foto-bewerkt1-1024x681.jpg\" class=\"attachment-large size-large\" alt=\"Laugenbad\" loading=\"lazy\" srcset=\"https:\/\/www.abl-technic-uden.com\/de\/wp-content\/uploads\/2020\/05\/loogbad-foto-bewerkt1-1024x681.jpg 1024w, https:\/\/www.abl-technic-uden.com\/de\/wp-content\/uploads\/2020\/05\/loogbad-foto-bewerkt1-300x200.jpg 300w, https:\/\/www.abl-technic-uden.com\/de\/wp-content\/uploads\/2020\/05\/loogbad-foto-bewerkt1-1536x1022.jpg 1536w, https:\/\/www.abl-technic-uden.com\/de\/wp-content\/uploads\/2020\/05\/loogbad-foto-bewerkt1-2048x1362.jpg 2048w, https:\/\/www.abl-technic-uden.com\/de\/wp-content\/uploads\/2020\/05\/loogbad-foto-bewerkt1-scaled-e1590133776801.jpg 1000w\" sizes=\"auto, (max-width: 1024px) 100vw, 1024px\" \/><\/div><\/div><\/div><\/div><\/div><div class=\"vc_col-sm-4 wpb_column vc_column_container mw-custom-img-hover\"><div class=\"vc_column-inner\"><div class=\"wpb_wrapper\"><div class=\"w-image align_none\"><div class=\"w-image-h\"><img decoding=\"async\" width=\"1024\" height=\"684\" src=\"https:\/\/www.abl-technic-uden.com\/de\/wp-content\/uploads\/2020\/04\/hogedrukspuiten-1024x684.jpg\" class=\"attachment-large size-large\" alt=\"Hochdruckd\u00fcsen\" loading=\"lazy\" srcset=\"https:\/\/www.abl-technic-uden.com\/de\/wp-content\/uploads\/2020\/04\/hogedrukspuiten-1024x684.jpg 1024w, https:\/\/www.abl-technic-uden.com\/de\/wp-content\/uploads\/2020\/04\/hogedrukspuiten-300x200.jpg 300w, https:\/\/www.abl-technic-uden.com\/de\/wp-content\/uploads\/2020\/04\/hogedrukspuiten-1536x1025.jpg 1536w, https:\/\/www.abl-technic-uden.com\/de\/wp-content\/uploads\/2020\/04\/hogedrukspuiten-2048x1367.jpg 2048w\" sizes=\"auto, (max-width: 1024px) 100vw, 1024px\" \/><\/div><\/div><\/div><\/div><\/div><\/div><\/div><\/div><\/div><\/div><\/div><\/section><section class=\"l-section wpb_row mw-padding-bottom-none height_medium\"><div class=\"l-section-h i-cf\"><div class=\"g-cols vc_row via_flex valign_top type_default stacking_default\"><div class=\"vc_col-sm-12 wpb_column vc_column_container\"><div class=\"vc_column-inner\"><div class=\"wpb_wrapper\"><div class=\"wpb_text_column\"><div class=\"wpb_wrapper\"><h3>Fordern Sie ein Angebot an<\/h3>\n<\/div><\/div><\/div><\/div><\/div><\/div><\/div><\/section><section class=\"l-section wpb_row height_medium\"><div class=\"l-section-h i-cf\"><div class=\"g-cols vc_row via_flex valign_top type_default stacking_default\"><div class=\"vc_col-sm-8 wpb_column vc_column_container has_bg_color\"><div class=\"vc_column-inner us_custom_0d15be52\"><div class=\"wpb_wrapper\">[vc_raw_html]JTVCZm9ybWlkYWJsZSUyMGlkJTNENCU1RA==[\/vc_raw_html]<\/div><\/div><\/div><div class=\"vc_col-sm-4 wpb_column vc_column_container\"><div class=\"vc_column-inner us_custom_49d1bb0a\"><div class=\"wpb_wrapper\"><div class=\"wpb_text_column\"><div class=\"wpb_wrapper\"><h4>Warum ABL-Technic Uden?<\/h4>\n<\/div><\/div><div class=\"w-iconbox us_custom_3090c82c iconpos_left style_default color_custom align_left no_title\"><div class=\"w-iconbox-icon\" style=\"font-size:16px;--icon-color:#0dc46c;\"><i class=\"fas fa-check\"><\/i><\/div><div class=\"w-iconbox-meta\"><div class=\"w-iconbox-text\"><p>Marktf\u00fchrer in den Niederlanden<\/p>\n<\/div><\/div><\/div><div class=\"w-iconbox us_custom_3090c82c iconpos_left style_default color_custom align_left no_title\"><div class=\"w-iconbox-icon\" style=\"font-size:16px;--icon-color:#0dc46c;\"><i class=\"fas fa-check\"><\/i><\/div><div class=\"w-iconbox-meta\"><div class=\"w-iconbox-text\"><p>Teil der globalen <a href=\"\/de\/uber-uns\/abl-technic-group\/\">ABL Technic Group<\/a><\/p>\n<\/div><\/div><\/div><div class=\"w-iconbox us_custom_3090c82c iconpos_left style_default color_custom align_left no_title\"><div class=\"w-iconbox-icon\" style=\"font-size:16px;--icon-color:#0dc46c;\"><i class=\"fas fa-check\"><\/i><\/div><div class=\"w-iconbox-meta\"><div class=\"w-iconbox-text\"><p>Fachwissen und Handwerkskunst <\/p>\n<\/div><\/div><\/div><div class=\"w-iconbox us_custom_3090c82c iconpos_left style_default color_custom align_left no_title\"><div class=\"w-iconbox-icon\" style=\"font-size:16px;--icon-color:#0dc46c;\"><i class=\"fas fa-check\"><\/i><\/div><div class=\"w-iconbox-meta\"><div class=\"w-iconbox-text\"><p>Immer mit den modernsten Technologien arbeiten<\/p>\n<\/div><\/div><\/div><div class=\"w-iconbox us_custom_3090c82c iconpos_left style_default color_custom align_left no_title\"><div class=\"w-iconbox-icon\" style=\"font-size:16px;--icon-color:#0dc46c;\"><i class=\"fas fa-check\"><\/i><\/div><div class=\"w-iconbox-meta\"><div class=\"w-iconbox-text\"><p>Kundeorientierte Erfahrung mit hochwertigen Dienstleistungen<\/p>\n<\/div><\/div><\/div><div class=\"w-iconbox us_custom_3090c82c iconpos_left style_default color_custom align_left no_title\"><div class=\"w-iconbox-icon\" style=\"font-size:16px;--icon-color:#0dc46c;\"><i class=\"fas fa-check\"><\/i><\/div><div class=\"w-iconbox-meta\"><div class=\"w-iconbox-text\"><p>Angef\u00fchrt von unserem innovativen Charakter<\/p>\n<\/div><\/div><\/div><div class=\"w-iconbox us_custom_3090c82c iconpos_left style_default color_custom align_left no_title\"><div class=\"w-iconbox-icon\" style=\"font-size:16px;--icon-color:#0dc46c;\"><i class=\"fas fa-check\"><\/i><\/div><div class=\"w-iconbox-meta\"><div class=\"w-iconbox-text\"><p>Kettenweites Umweltmanagement <a href=\"\/de\/csr\/\">Umweltmanagement<\/a><\/p>\n<\/div><\/div><\/div><\/div><\/div><\/div><\/div><\/div><\/section>\n","protected":false},"excerpt":{"rendered":"Chemisch Entlacken Was ist Chemisch Entlacken? Beim Chemisch Entlacken werden die Produkte f\u00fcr einen bestimmten Zeitraum in eine erhitzte Fl\u00fcssigkeit getaucht. Je nach Rohstoff und Nachbehandlung beim Kunden w\u00e4hlen wir aus den verschiedenen chemischen B\u00e4dern. Das Material wird dann manuell unter hohem Druck mit Wasser abgespritzt. Diese Technik eignet sich zum Entlacken aller Metalle und...","protected":false},"author":1,"featured_media":995,"parent":104,"menu_order":0,"comment_status":"closed","ping_status":"closed","template":"","meta":{"_acf_changed":false,"footnotes":""},"class_list":["post-115","page","type-page","status-publish","has-post-thumbnail","hentry"],"acf":[],"yoast_head":"<!-- This site is optimized with the Yoast SEO plugin v26.6 - https:\/\/yoast.com\/wordpress\/plugins\/seo\/ -->\n<title>Chemische Entlackung f\u00fcr Metalle und Kunststoffe - ABL-Technic Uden<\/title>\n<meta name=\"description\" content=\"Chemisch Entlacken eignet sich zum Entlacken aller Metalle und verschiedener Kunststoffe. Restaurierung Z\u00e4unen Gartenm\u00f6beln Fassadenplatten\" \/>\n<meta name=\"robots\" content=\"index, follow, max-snippet:-1, max-image-preview:large, max-video-preview:-1\" \/>\n<link rel=\"canonical\" href=\"https:\/\/www.abl-technic-uden.com\/de\/entlacken\/chemische\/\" \/>\n<meta property=\"og:locale\" content=\"de_DE\" \/>\n<meta property=\"og:type\" content=\"article\" \/>\n<meta property=\"og:title\" content=\"Chemische Entlackung f\u00fcr Metalle und Kunststoffe - ABL-Technic Uden\" \/>\n<meta property=\"og:description\" content=\"Chemisch Entlacken eignet sich zum Entlacken aller Metalle und verschiedener Kunststoffe. Restaurierung Z\u00e4unen Gartenm\u00f6beln Fassadenplatten\" \/>\n<meta property=\"og:url\" content=\"https:\/\/www.abl-technic-uden.com\/de\/entlacken\/chemische\/\" \/>\n<meta property=\"og:site_name\" content=\"ABL-Technic Uden\" \/>\n<meta property=\"article:modified_time\" content=\"2022-01-17T13:30:11+00:00\" \/>\n<meta property=\"og:image\" content=\"https:\/\/www.abl-technic-uden.com\/de\/wp-content\/uploads\/2020\/04\/Headers_1900x424px_Ontlakken.jpg\" \/>\n\t<meta property=\"og:image:width\" content=\"1900\" \/>\n\t<meta property=\"og:image:height\" content=\"424\" \/>\n\t<meta property=\"og:image:type\" content=\"image\/jpeg\" \/>\n<meta name=\"twitter:card\" content=\"summary_large_image\" \/>\n<meta name=\"twitter:label1\" content=\"Gesch\u00e4tzte Lesezeit\" \/>\n\t<meta name=\"twitter:data1\" content=\"2\u00a0Minuten\" \/>\n<script type=\"application\/ld+json\" class=\"yoast-schema-graph\">{\"@context\":\"https:\/\/schema.org\",\"@graph\":[{\"@type\":\"WebPage\",\"@id\":\"https:\/\/www.abl-technic-uden.com\/de\/entlacken\/chemische\/\",\"url\":\"https:\/\/www.abl-technic-uden.com\/de\/entlacken\/chemische\/\",\"name\":\"Chemische Entlackung f\u00fcr Metalle und Kunststoffe - ABL-Technic Uden\",\"isPartOf\":{\"@id\":\"https:\/\/www.abl-technic-uden.com\/de\/#website\"},\"primaryImageOfPage\":{\"@id\":\"https:\/\/www.abl-technic-uden.com\/de\/entlacken\/chemische\/#primaryimage\"},\"image\":{\"@id\":\"https:\/\/www.abl-technic-uden.com\/de\/entlacken\/chemische\/#primaryimage\"},\"thumbnailUrl\":\"https:\/\/www.abl-technic-uden.com\/de\/wp-content\/uploads\/2020\/04\/Headers_1900x424px_Ontlakken.jpg\",\"datePublished\":\"2019-12-23T15:43:44+00:00\",\"dateModified\":\"2022-01-17T13:30:11+00:00\",\"description\":\"Chemisch Entlacken eignet sich zum Entlacken aller Metalle und verschiedener Kunststoffe. Restaurierung Z\u00e4unen Gartenm\u00f6beln Fassadenplatten\",\"breadcrumb\":{\"@id\":\"https:\/\/www.abl-technic-uden.com\/de\/entlacken\/chemische\/#breadcrumb\"},\"inLanguage\":\"de\",\"potentialAction\":[{\"@type\":\"ReadAction\",\"target\":[\"https:\/\/www.abl-technic-uden.com\/de\/entlacken\/chemische\/\"]}]},{\"@type\":\"ImageObject\",\"inLanguage\":\"de\",\"@id\":\"https:\/\/www.abl-technic-uden.com\/de\/entlacken\/chemische\/#primaryimage\",\"url\":\"https:\/\/www.abl-technic-uden.com\/de\/wp-content\/uploads\/2020\/04\/Headers_1900x424px_Ontlakken.jpg\",\"contentUrl\":\"https:\/\/www.abl-technic-uden.com\/de\/wp-content\/uploads\/2020\/04\/Headers_1900x424px_Ontlakken.jpg\",\"width\":1900,\"height\":424,\"caption\":\"Entlacken\"},{\"@type\":\"BreadcrumbList\",\"@id\":\"https:\/\/www.abl-technic-uden.com\/de\/entlacken\/chemische\/#breadcrumb\",\"itemListElement\":[{\"@type\":\"ListItem\",\"position\":1,\"name\":\"Home\",\"item\":\"https:\/\/www.abl-technic-uden.com\/de\/\"},{\"@type\":\"ListItem\",\"position\":2,\"name\":\"Entlacken\",\"item\":\"https:\/\/www.abl-technic-uden.com\/de\/entlacken\/\"},{\"@type\":\"ListItem\",\"position\":3,\"name\":\"Chemische Entlackung\"}]},{\"@type\":\"WebSite\",\"@id\":\"https:\/\/www.abl-technic-uden.com\/de\/#website\",\"url\":\"https:\/\/www.abl-technic-uden.com\/de\/\",\"name\":\"ABL-Technic Uden\",\"description\":\"\",\"potentialAction\":[{\"@type\":\"SearchAction\",\"target\":{\"@type\":\"EntryPoint\",\"urlTemplate\":\"https:\/\/www.abl-technic-uden.com\/de\/?s={search_term_string}\"},\"query-input\":{\"@type\":\"PropertyValueSpecification\",\"valueRequired\":true,\"valueName\":\"search_term_string\"}}],\"inLanguage\":\"de\"}]}<\/script>\n<!-- \/ Yoast SEO plugin. -->","yoast_head_json":{"title":"Chemische Entlackung f\u00fcr Metalle und Kunststoffe - ABL-Technic Uden","description":"Chemisch Entlacken eignet sich zum Entlacken aller Metalle und verschiedener Kunststoffe. Restaurierung Z\u00e4unen Gartenm\u00f6beln Fassadenplatten","robots":{"index":"index","follow":"follow","max-snippet":"max-snippet:-1","max-image-preview":"max-image-preview:large","max-video-preview":"max-video-preview:-1"},"canonical":"https:\/\/www.abl-technic-uden.com\/de\/entlacken\/chemische\/","og_locale":"de_DE","og_type":"article","og_title":"Chemische Entlackung f\u00fcr Metalle und Kunststoffe - ABL-Technic Uden","og_description":"Chemisch Entlacken eignet sich zum Entlacken aller Metalle und verschiedener Kunststoffe. Restaurierung Z\u00e4unen Gartenm\u00f6beln Fassadenplatten","og_url":"https:\/\/www.abl-technic-uden.com\/de\/entlacken\/chemische\/","og_site_name":"ABL-Technic Uden","article_modified_time":"2022-01-17T13:30:11+00:00","og_image":[{"width":1900,"height":424,"url":"https:\/\/www.abl-technic-uden.com\/de\/wp-content\/uploads\/2020\/04\/Headers_1900x424px_Ontlakken.jpg","type":"image\/jpeg"}],"twitter_card":"summary_large_image","twitter_misc":{"Gesch\u00e4tzte Lesezeit":"2\u00a0Minuten"},"schema":{"@context":"https:\/\/schema.org","@graph":[{"@type":"WebPage","@id":"https:\/\/www.abl-technic-uden.com\/de\/entlacken\/chemische\/","url":"https:\/\/www.abl-technic-uden.com\/de\/entlacken\/chemische\/","name":"Chemische Entlackung f\u00fcr Metalle und Kunststoffe - ABL-Technic Uden","isPartOf":{"@id":"https:\/\/www.abl-technic-uden.com\/de\/#website"},"primaryImageOfPage":{"@id":"https:\/\/www.abl-technic-uden.com\/de\/entlacken\/chemische\/#primaryimage"},"image":{"@id":"https:\/\/www.abl-technic-uden.com\/de\/entlacken\/chemische\/#primaryimage"},"thumbnailUrl":"https:\/\/www.abl-technic-uden.com\/de\/wp-content\/uploads\/2020\/04\/Headers_1900x424px_Ontlakken.jpg","datePublished":"2019-12-23T15:43:44+00:00","dateModified":"2022-01-17T13:30:11+00:00","description":"Chemisch Entlacken eignet sich zum Entlacken aller Metalle und verschiedener Kunststoffe. Restaurierung Z\u00e4unen Gartenm\u00f6beln Fassadenplatten","breadcrumb":{"@id":"https:\/\/www.abl-technic-uden.com\/de\/entlacken\/chemische\/#breadcrumb"},"inLanguage":"de","potentialAction":[{"@type":"ReadAction","target":["https:\/\/www.abl-technic-uden.com\/de\/entlacken\/chemische\/"]}]},{"@type":"ImageObject","inLanguage":"de","@id":"https:\/\/www.abl-technic-uden.com\/de\/entlacken\/chemische\/#primaryimage","url":"https:\/\/www.abl-technic-uden.com\/de\/wp-content\/uploads\/2020\/04\/Headers_1900x424px_Ontlakken.jpg","contentUrl":"https:\/\/www.abl-technic-uden.com\/de\/wp-content\/uploads\/2020\/04\/Headers_1900x424px_Ontlakken.jpg","width":1900,"height":424,"caption":"Entlacken"},{"@type":"BreadcrumbList","@id":"https:\/\/www.abl-technic-uden.com\/de\/entlacken\/chemische\/#breadcrumb","itemListElement":[{"@type":"ListItem","position":1,"name":"Home","item":"https:\/\/www.abl-technic-uden.com\/de\/"},{"@type":"ListItem","position":2,"name":"Entlacken","item":"https:\/\/www.abl-technic-uden.com\/de\/entlacken\/"},{"@type":"ListItem","position":3,"name":"Chemische Entlackung"}]},{"@type":"WebSite","@id":"https:\/\/www.abl-technic-uden.com\/de\/#website","url":"https:\/\/www.abl-technic-uden.com\/de\/","name":"ABL-Technic Uden","description":"","potentialAction":[{"@type":"SearchAction","target":{"@type":"EntryPoint","urlTemplate":"https:\/\/www.abl-technic-uden.com\/de\/?s={search_term_string}"},"query-input":{"@type":"PropertyValueSpecification","valueRequired":true,"valueName":"search_term_string"}}],"inLanguage":"de"}]}},"_links":{"self":[{"href":"https:\/\/www.abl-technic-uden.com\/de\/wp-json\/wp\/v2\/pages\/115","targetHints":{"allow":["GET"]}}],"collection":[{"href":"https:\/\/www.abl-technic-uden.com\/de\/wp-json\/wp\/v2\/pages"}],"about":[{"href":"https:\/\/www.abl-technic-uden.com\/de\/wp-json\/wp\/v2\/types\/page"}],"author":[{"embeddable":true,"href":"https:\/\/www.abl-technic-uden.com\/de\/wp-json\/wp\/v2\/users\/1"}],"replies":[{"embeddable":true,"href":"https:\/\/www.abl-technic-uden.com\/de\/wp-json\/wp\/v2\/comments?post=115"}],"version-history":[{"count":20,"href":"https:\/\/www.abl-technic-uden.com\/de\/wp-json\/wp\/v2\/pages\/115\/revisions"}],"predecessor-version":[{"id":1576,"href":"https:\/\/www.abl-technic-uden.com\/de\/wp-json\/wp\/v2\/pages\/115\/revisions\/1576"}],"up":[{"embeddable":true,"href":"https:\/\/www.abl-technic-uden.com\/de\/wp-json\/wp\/v2\/pages\/104"}],"wp:featuredmedia":[{"embeddable":true,"href":"https:\/\/www.abl-technic-uden.com\/de\/wp-json\/wp\/v2\/media\/995"}],"wp:attachment":[{"href":"https:\/\/www.abl-technic-uden.com\/de\/wp-json\/wp\/v2\/media?parent=115"}],"curies":[{"name":"wp","href":"https:\/\/api.w.org\/{rel}","templated":true}]}}