{"id":2,"date":"2019-12-16T11:07:54","date_gmt":"2019-12-16T11:07:54","guid":{"rendered":"https:\/\/www.abl-technic-uden.com\/de\/?page_id=2"},"modified":"2024-02-13T11:49:27","modified_gmt":"2024-02-13T10:49:27","slug":"voorbeeld-pagina","status":"publish","type":"page","link":"https:\/\/www.abl-technic-uden.com\/de\/","title":{"rendered":"Startseite"},"content":{"rendered":"<section class=\"l-section wpb_row mw-custom-height menu-margin height_auto with_img\"><div class=\"l-section-img\" role=\"img\" data-img-width=\"2560\" data-img-height=\"726\" style=\"background-image: url(https:\/\/www.abl-technic-uden.com\/de\/wp-content\/uploads\/2022\/03\/pand-nw-1-scaled.jpg);background-repeat: no-repeat;\"><\/div><div class=\"l-section-h i-cf\"><div class=\"g-cols vc_row via_flex valign_middle type_default stacking_default\"><div class=\"vc_col-sm-12 wpb_column vc_column_container\"><div class=\"vc_column-inner\"><div class=\"wpb_wrapper\"><div class=\"g-cols wpb_row mw-inner-row via_flex valign_middle type_default stacking_default\"><div class=\"vc_col-sm-6 wpb_column vc_column_container mc-animate-zoom-out-right mc-animate-delay-1000\"><div class=\"vc_column-inner\"><div class=\"wpb_wrapper\"><div class=\"wpb_text_column wit shadow\"><div class=\"wpb_wrapper\"><h1>Willkommen bei<br \/>\nABL-Technic Uden<\/h1>\n<\/div><\/div><\/div><\/div><\/div><div class=\"vc_col-sm-6 wpb_column vc_column_container\"><div class=\"vc_column-inner\"><div class=\"wpb_wrapper\"><\/div><\/div><\/div><\/div><\/div><\/div><\/div><\/div><\/div><\/section><section class=\"l-section wpb_row us_custom_861390cb height_medium\"><div class=\"l-section-h i-cf\"><div class=\"g-cols vc_row via_flex valign_top type_default stacking_default\"><div class=\"vc_col-sm-6 wpb_column vc_column_container custom-padding-right\"><div class=\"vc_column-inner\"><div class=\"wpb_wrapper\"><div class=\"wpb_text_column\"><div class=\"wpb_wrapper\"><h3>Der grenzenlose Unterschied<br \/>\nbei der Entlackung<\/h3>\n<p>Willkommen bei ABL-Technic Uden (vorher C&amp;T Technics), Ihrem Spezialisten f\u00fcr thermisches und chemisches Entlacken. Dar\u00fcber hinaus sind Sie bei Dienstleistungen wie Beizen von Stahl und Edelstahl, maschinellem Strahlen, Gummi entfernen, Entlacken von Kunststoffen, Entfetten und Logistik genau richtig.<\/p>\n<p>Was Sie von uns erwarten k\u00f6nnen, ist ein qualitativ hochwertiger Service. Dies basiert auf gegenseitig spezifischem Wissen, Handwerkskunst und dem Einsatz der neuesten Technologien, wenn es um unsere Prozesse und Maschinen geht.<\/p>\n<p>Zum anderen durch unsere kundenorientierte Erfahrung, die sich durch <a href=\"\/de\/uber-uns\/der-schwerpunkte-von-ct\/\">die Schwerpunkten<\/a> auszeichnet von l\u00f6sungsorientiert, offen, ordentlich, ehrlich, unterst\u00fctzend, Auge und Ohr f\u00fcr und entlasten.<\/p>\n<p>Kurzum: Wir stehen f\u00fcr grenzenlose Unterschied bei der Entlackung. Sch\u00f6n dich kennenzulernen!<\/p>\n<\/div><\/div><div class=\"w-btn-wrapper align_none\"><a class=\"w-btn us-btn-style_1\" title=\"Over ons\" href=\"\/de\/uber-uns\/\"><span class=\"w-btn-label\">Mehr \u00fcber uns<\/span><\/a><\/div><\/div><\/div><\/div><div class=\"vc_col-sm-6 wpb_column vc_column_container custom-padding-right\"><div class=\"vc_column-inner\"><div class=\"wpb_wrapper\"><div class=\"wpb_text_column\"><div class=\"wpb_wrapper\"><h4>Warum ABL-Technic Uden?<\/h4>\n<\/div><\/div><div class=\"w-iconbox us_custom_3090c82c iconpos_left style_default color_custom align_left no_title\"><div class=\"w-iconbox-icon\" style=\"font-size:16px;--icon-color:#0dc46c;\"><i class=\"fas fa-check\"><\/i><\/div><div class=\"w-iconbox-meta\"><div class=\"w-iconbox-text\"><p>Marktf\u00fchrer in den Niederlanden<\/p>\n<\/div><\/div><\/div><div class=\"w-iconbox us_custom_3090c82c iconpos_left style_default color_custom align_left no_title\"><div class=\"w-iconbox-icon\" style=\"font-size:16px;--icon-color:#0dc46c;\"><i class=\"fas fa-check\"><\/i><\/div><div class=\"w-iconbox-meta\"><div class=\"w-iconbox-text\"><p>Teil der globalen <a href=\"\/de\/uber-uns\/abl-technic-group\/\">ABL Technic Group<\/a><\/p>\n<\/div><\/div><\/div><div class=\"w-iconbox us_custom_3090c82c iconpos_left style_default color_custom align_left no_title\"><div class=\"w-iconbox-icon\" style=\"font-size:16px;--icon-color:#0dc46c;\"><i class=\"fas fa-check\"><\/i><\/div><div class=\"w-iconbox-meta\"><div class=\"w-iconbox-text\"><p>Fachwissen und Handwerkskunst <\/p>\n<\/div><\/div><\/div><div class=\"w-iconbox us_custom_3090c82c iconpos_left style_default color_custom align_left no_title\"><div class=\"w-iconbox-icon\" style=\"font-size:16px;--icon-color:#0dc46c;\"><i class=\"fas fa-check\"><\/i><\/div><div class=\"w-iconbox-meta\"><div class=\"w-iconbox-text\"><p>Immer mit den modernsten Technologien arbeiten<\/p>\n<\/div><\/div><\/div><div class=\"w-iconbox us_custom_3090c82c iconpos_left style_default color_custom align_left no_title\"><div class=\"w-iconbox-icon\" style=\"font-size:16px;--icon-color:#0dc46c;\"><i class=\"fas fa-check\"><\/i><\/div><div class=\"w-iconbox-meta\"><div class=\"w-iconbox-text\"><p>Kundeorientierte Erfahrung mit hochwertigen Dienstleistungen<\/p>\n<\/div><\/div><\/div><div class=\"w-iconbox us_custom_3090c82c iconpos_left style_default color_custom align_left no_title\"><div class=\"w-iconbox-icon\" style=\"font-size:16px;--icon-color:#0dc46c;\"><i class=\"fas fa-check\"><\/i><\/div><div class=\"w-iconbox-meta\"><div class=\"w-iconbox-text\"><p>Angef\u00fchrt von unserem innovativen Charakter<\/p>\n<\/div><\/div><\/div><div class=\"w-iconbox us_custom_3090c82c iconpos_left style_default color_custom align_left no_title\"><div class=\"w-iconbox-icon\" style=\"font-size:16px;--icon-color:#0dc46c;\"><i class=\"fas fa-check\"><\/i><\/div><div class=\"w-iconbox-meta\"><div class=\"w-iconbox-text\"><p>Kettenweites Umweltmanagement <a href=\"\/de\/csr\/\">Umweltmanagement<\/a><\/p>\n<\/div><\/div><\/div><div class=\"w-image us_custom_74bd2f1b abl-logo align_none\"><div class=\"w-image-h\"><img decoding=\"async\" width=\"900\" height=\"172\" src=\"https:\/\/www.abl-technic-uden.com\/de\/wp-content\/uploads\/2020\/02\/csm_abl-technic-zwart.png\" class=\"attachment-large size-large\" alt=\"\" loading=\"lazy\" srcset=\"https:\/\/www.abl-technic-uden.com\/de\/wp-content\/uploads\/2020\/02\/csm_abl-technic-zwart.png 900w, https:\/\/www.abl-technic-uden.com\/de\/wp-content\/uploads\/2020\/02\/csm_abl-technic-zwart-300x57.png 300w\" sizes=\"auto, (max-width: 900px) 100vw, 900px\" \/><\/div><\/div><div class=\"wpb_text_column us_custom_0f8f44b7\"><div class=\"wpb_wrapper\"><p>ABL-Technic Uden ist Teil der globalen ABL-Technic Group<\/p>\n<\/div><\/div><\/div><\/div><\/div><\/div><\/div><\/section><section class=\"l-section wpb_row us_custom_f20379b0 height_medium\"><div class=\"l-section-h i-cf\"><div class=\"g-cols vc_row via_flex valign_top type_default stacking_default\"><div class=\"vc_col-sm-12 wpb_column vc_column_container\"><div class=\"vc_column-inner us_custom_4cfb87d6\"><div class=\"wpb_wrapper\"><div class=\"wpb_text_column\"><div class=\"wpb_wrapper\"><h2>Neuigkeiten<\/h2>\n<\/div><\/div><div class=\"w-grid type_grid layout_blog_10 cols_3 overflow_hidden\" id=\"us_grid_1\" style=\"--gap:1.5rem;\" data-filterable=\"true\"><style>@media (max-width:1024px){#us_grid_1 .w-grid-item{width:50%}}@media (max-width:600px){#us_grid_1 .w-grid-list{margin:0}#us_grid_1 .w-grid-item{width:100%;padding:0;margin-bottom:var(--gap,0px)}}.layout_blog_10 .w-grid-item-h{background:#333;border-radius:0.3rem;box-shadow:0 0.03rem 0.06rem rgba(0,0,0,0.1),0 0.1rem 0.3rem rgba(0,0,0,0.1);transition-duration:0.3s}.no-touch .layout_blog_10 .w-grid-item-h:hover{box-shadow:0 0.12rem 0.24rem rgba(0,0,0,0.1),0 0.4rem 1.2rem rgba(0,0,0,0.15);z-index:4}.layout_blog_10 .usg_post_image_1{transition-duration:0.3s;transform-origin:50% 50%;transform:scale(1) translate(0%,0%)}.layout_blog_10 .w-grid-item-h:hover .usg_post_image_1{transform:scale(1.1) translate(0%,0%);opacity:1}.layout_blog_10 .usg_vwrapper_1{position:absolute!important;right:0!important;bottom:0!important;left:0!important;background:linear-gradient(transparent,rgba(30,30,30,0.8))!important;padding:15% 7% 7% 7%!important}.layout_blog_10 .usg_post_taxonomy_1{font-size:10px!important;font-weight:700!important;text-transform:uppercase!important;margin-bottom:0.5rem!important}.layout_blog_10 .usg_post_title_1{color:#fff!important;font-size:1.4rem!important;font-weight:700!important}@media (max-width:600px){.layout_blog_10 .usg_post_title_1{font-size:1.2rem!important}}<\/style><div class=\"w-grid-list\">\t<article class=\"w-grid-item size_1x1 post-1618 post type-post status-publish format-standard has-post-thumbnail hentry category-neuigkeiten\" data-id=\"1618\">\r\n\t\t<div class=\"w-grid-item-h\">\r\n\t\t\t\t\t\t<div class=\"w-post-elm post_image usg_post_image_1 stretched\"><a href=\"https:\/\/www.abl-technic-uden.com\/de\/abl-technic-deutschland-rekrutiert\/\" aria-label=\"ABL TECHNIC DEUTSCHLAND REKRUTIERT\"><img loading=\"lazy\" decoding=\"async\" width=\"1024\" height=\"491\" src=\"https:\/\/www.abl-technic-uden.com\/de\/wp-content\/uploads\/2022\/07\/abl-junior-controller-1024x491.jpg\" class=\"attachment-large size-large wp-post-image\" alt=\"\" srcset=\"https:\/\/www.abl-technic-uden.com\/de\/wp-content\/uploads\/2022\/07\/abl-junior-controller-1024x491.jpg 1024w, https:\/\/www.abl-technic-uden.com\/de\/wp-content\/uploads\/2022\/07\/abl-junior-controller-300x144.jpg 300w, https:\/\/www.abl-technic-uden.com\/de\/wp-content\/uploads\/2022\/07\/abl-junior-controller.jpg 1239w\" sizes=\"auto, (max-width: 1024px) 100vw, 1024px\" \/><\/a><\/div><div class=\"w-vwrapper usg_vwrapper_1 align_none valign_top\"><div class=\"w-post-elm post_taxonomy usg_post_taxonomy_1 style_badge color_link_inherit\"><a class=\"w-btn us-btn-style_badge term-7 term-neuigkeiten\" href=\"https:\/\/www.abl-technic-uden.com\/de\/category\/neuigkeiten\/\"><span class=\"w-btn-label\">Neuigkeiten<\/span><\/a><\/div><h2 class=\"w-post-elm post_title usg_post_title_1 has_text_color entry-title color_link_inherit\"><a href=\"https:\/\/www.abl-technic-uden.com\/de\/abl-technic-deutschland-rekrutiert\/\">ABL TECHNIC DEUTSCHLAND REKRUTIERT<\/a><\/h2><\/div>\t\t<\/div>\r\n\t\t\t<\/article>\r\n\t<article class=\"w-grid-item size_1x1 post-1600 post type-post status-publish format-standard has-post-thumbnail hentry category-neuigkeiten\" data-id=\"1600\">\r\n\t\t<div class=\"w-grid-item-h\">\r\n\t\t\t\t\t\t<div class=\"w-post-elm post_image usg_post_image_1 stretched\"><a href=\"https:\/\/www.abl-technic-uden.com\/de\/paint-expo-karlsruhe\/\" aria-label=\"Paint expo Karlsruhe\"><img loading=\"lazy\" decoding=\"async\" width=\"854\" height=\"400\" src=\"https:\/\/www.abl-technic-uden.com\/de\/wp-content\/uploads\/2022\/03\/website-pain-expo.png\" class=\"attachment-large size-large wp-post-image\" alt=\"\" srcset=\"https:\/\/www.abl-technic-uden.com\/de\/wp-content\/uploads\/2022\/03\/website-pain-expo.png 854w, https:\/\/www.abl-technic-uden.com\/de\/wp-content\/uploads\/2022\/03\/website-pain-expo-300x141.png 300w\" sizes=\"auto, (max-width: 854px) 100vw, 854px\" \/><\/a><\/div><div class=\"w-vwrapper usg_vwrapper_1 align_none valign_top\"><div class=\"w-post-elm post_taxonomy usg_post_taxonomy_1 style_badge color_link_inherit\"><a class=\"w-btn us-btn-style_badge term-7 term-neuigkeiten\" href=\"https:\/\/www.abl-technic-uden.com\/de\/category\/neuigkeiten\/\"><span class=\"w-btn-label\">Neuigkeiten<\/span><\/a><\/div><h2 class=\"w-post-elm post_title usg_post_title_1 has_text_color entry-title color_link_inherit\"><a href=\"https:\/\/www.abl-technic-uden.com\/de\/paint-expo-karlsruhe\/\">Paint expo Karlsruhe<\/a><\/h2><\/div>\t\t<\/div>\r\n\t\t\t<\/article>\r\n\t<article class=\"w-grid-item size_1x1 post-1481 post type-post status-publish format-standard has-post-thumbnail hentry category-neuigkeiten\" data-id=\"1481\">\r\n\t\t<div class=\"w-grid-item-h\">\r\n\t\t\t\t\t\t<div class=\"w-post-elm post_image usg_post_image_1 stretched\"><a href=\"https:\/\/www.abl-technic-uden.com\/de\/c-neuer-name-gleiche-leute\/\" aria-label=\"C&#038;T; neuer Name, gleiche Leute\"><img loading=\"lazy\" decoding=\"async\" width=\"1024\" height=\"307\" src=\"https:\/\/www.abl-technic-uden.com\/de\/wp-content\/uploads\/2021\/11\/aankondiging-DTS-1024x307.jpg\" class=\"attachment-large size-large wp-post-image\" alt=\"\" srcset=\"https:\/\/www.abl-technic-uden.com\/de\/wp-content\/uploads\/2021\/11\/aankondiging-DTS-1024x307.jpg 1024w, https:\/\/www.abl-technic-uden.com\/de\/wp-content\/uploads\/2021\/11\/aankondiging-DTS-300x90.jpg 300w, https:\/\/www.abl-technic-uden.com\/de\/wp-content\/uploads\/2021\/11\/aankondiging-DTS-e1637844255640.jpg 1509w\" sizes=\"auto, (max-width: 1024px) 100vw, 1024px\" \/><\/a><\/div><div class=\"w-vwrapper usg_vwrapper_1 align_none valign_top\"><div class=\"w-post-elm post_taxonomy usg_post_taxonomy_1 style_badge color_link_inherit\"><a class=\"w-btn us-btn-style_badge term-7 term-neuigkeiten\" href=\"https:\/\/www.abl-technic-uden.com\/de\/category\/neuigkeiten\/\"><span class=\"w-btn-label\">Neuigkeiten<\/span><\/a><\/div><h2 class=\"w-post-elm post_title usg_post_title_1 has_text_color entry-title color_link_inherit\"><a href=\"https:\/\/www.abl-technic-uden.com\/de\/c-neuer-name-gleiche-leute\/\">C&#038;T; neuer Name, gleiche Leute<\/a><\/h2><\/div>\t\t<\/div>\r\n\t\t\t<\/article>\r\n<\/div><div class=\"w-grid-preloader\">\t<div class=\"g-preloader type_1\">\r\n\t\t<div><\/div>\r\n\t<\/div>\r\n\t<\/div>\t<div class=\"w-grid-json hidden\" onclick='return {&quot;action&quot;:&quot;us_ajax_grid&quot;,&quot;infinite_scroll&quot;:0,&quot;max_num_pages&quot;:3,&quot;pagination&quot;:&quot;none&quot;,&quot;template_vars&quot;:{&quot;columns&quot;:&quot;3&quot;,&quot;exclude_items&quot;:&quot;none&quot;,&quot;img_size&quot;:&quot;default&quot;,&quot;ignore_items_size&quot;:0,&quot;items_layout&quot;:&quot;blog_10&quot;,&quot;items_offset&quot;:&quot;1&quot;,&quot;load_animation&quot;:&quot;none&quot;,&quot;overriding_link&quot;:&quot;{\\&quot;url\\&quot;:\\&quot;\\&quot;}&quot;,&quot;post_id&quot;:0,&quot;query_args&quot;:{&quot;post_type&quot;:[&quot;post&quot;],&quot;tax_query&quot;:[{&quot;taxonomy&quot;:&quot;category&quot;,&quot;field&quot;:&quot;slug&quot;,&quot;terms&quot;:[&quot;nieuws&quot;,&quot;neuigkeiten&quot;]}],&quot;post_status&quot;:[&quot;publish&quot;,&quot;acf-disabled&quot;],&quot;posts_per_page&quot;:&quot;3&quot;},&quot;orderby_query_args&quot;:{&quot;orderby&quot;:{&quot;date&quot;:&quot;DESC&quot;}},&quot;type&quot;:&quot;grid&quot;,&quot;us_grid_post_type&quot;:&quot;post&quot;,&quot;us_grid_ajax_index&quot;:1,&quot;us_grid_filter_params&quot;:[],&quot;us_grid_index&quot;:1,&quot;page_args&quot;:[]}}'><\/div>\r\n\t<\/div><\/div><\/div><\/div><\/div><\/div><\/section><section class=\"l-section wpb_row us_custom_48a0074b mw-row-portfolio-items height_medium width_full\"><div class=\"l-section-h i-cf\"><div class=\"g-cols vc_row via_flex valign_top type_default stacking_default\"><div class=\"vc_col-sm-6 wpb_column vc_column_container\"><div class=\"vc_column-inner\"><div class=\"wpb_wrapper\"><div class=\"w-image mw-processen-foto align_none\"><div class=\"w-image-h\"><img decoding=\"async\" width=\"720\" height=\"542\" src=\"https:\/\/www.abl-technic-uden.com\/de\/wp-content\/uploads\/2019\/12\/img-cttechnics.png\" class=\"attachment-large size-large\" alt=\"\" loading=\"lazy\" srcset=\"https:\/\/www.abl-technic-uden.com\/de\/wp-content\/uploads\/2019\/12\/img-cttechnics.png 720w, https:\/\/www.abl-technic-uden.com\/de\/wp-content\/uploads\/2019\/12\/img-cttechnics-300x226.png 300w\" sizes=\"auto, (max-width: 720px) 100vw, 720px\" \/><\/div><\/div><\/div><\/div><\/div><div class=\"vc_col-sm-6 wpb_column vc_column_container jul-container has_text_color\"><div class=\"vc_column-inner us_custom_6df4bc3a\"><div class=\"wpb_wrapper\"><div class=\"w-image mw-image-blad-bg align_none\"><div class=\"w-image-h\"><img decoding=\"async\" width=\"1024\" height=\"755\" src=\"https:\/\/www.abl-technic-uden.com\/de\/wp-content\/uploads\/2022\/01\/Figuur-vlam-groen-1024x755.png\" class=\"attachment-large size-large\" alt=\"\" loading=\"lazy\" srcset=\"https:\/\/www.abl-technic-uden.com\/de\/wp-content\/uploads\/2022\/01\/Figuur-vlam-groen-1024x755.png 1024w, https:\/\/www.abl-technic-uden.com\/de\/wp-content\/uploads\/2022\/01\/Figuur-vlam-groen-300x221.png 300w, https:\/\/www.abl-technic-uden.com\/de\/wp-content\/uploads\/2022\/01\/Figuur-vlam-groen.png 1266w\" sizes=\"auto, (max-width: 1024px) 100vw, 1024px\" \/><\/div><\/div><div class=\"g-cols wpb_row mw-processen-title via_flex valign_top type_default stacking_default\"><div class=\"vc_col-sm-12 wpb_column vc_column_container\"><div class=\"vc_column-inner\"><div class=\"wpb_wrapper\"><div class=\"wpb_text_column special-h2\"><div class=\"wpb_wrapper\"><h2>Wie kann ich<br \/>\nIhnen helfen?<\/h2>\n<\/div><\/div><\/div><\/div><\/div><\/div><div class=\"g-cols wpb_row mw-processen-tekst put-together via_flex valign_top type_default stacking_default\"><div class=\"vc_col-sm-6 wpb_column vc_column_container\"><div class=\"vc_column-inner\"><div class=\"wpb_wrapper\"><div class=\"w-btn-wrapper align_none\"><a class=\"w-btn us-btn-style_4 mw-plus-icon icon_atleft\" title=\"Ontlakken\" href=\"\/de\/entlacken\/thermische\/\"><i class=\"fas fa-plus\"><\/i><span class=\"w-btn-label\">Thermisch entlacken<\/span><\/a><\/div><div class=\"w-btn-wrapper align_none\"><a class=\"w-btn us-btn-style_4 mw-plus-icon icon_atleft\" title=\"Beitsen staal\" href=\"\/de\/entlacken\/chemisch\/\"><i class=\"fas fa-plus\"><\/i><span class=\"w-btn-label\">Chemisch entlacken<\/span><\/a><\/div><div class=\"w-btn-wrapper align_none\"><a class=\"w-btn us-btn-style_4 mw-plus-icon icon_atleft\" title=\"Beitsen staal en RVS\" href=\"\/de\/andere-spezialitaten\/beizen-stahl-und-edelstahl\/\"><i class=\"fas fa-plus\"><\/i><span class=\"w-btn-label\">Beizen Stahl und Edelstahl<\/span><\/a><\/div><div class=\"w-btn-wrapper align_none\"><a class=\"w-btn us-btn-style_4 mw-plus-icon icon_atleft\" title=\"Machinaal stralen\" href=\"\/de\/andere-spezialitaten\/maschinenstrahlen\/\"><i class=\"fas fa-plus\"><\/i><span class=\"w-btn-label\">Machinenstrahlen<\/span><\/a><\/div><div class=\"w-btn-wrapper align_justify\"><a class=\"w-btn us-btn-style_4 mw-plus-icon icon_atleft\" title=\"Chemische voorbehandeling\" href=\"\/de\/andere-spezialitaten\/gummi-entfernen\/\"><i class=\"fas fa-plus\"><\/i><span class=\"w-btn-label\">Gummi entfernen<\/span><\/a><\/div><div class=\"w-btn-wrapper align_none\"><a class=\"w-btn us-btn-style_4 mw-plus-icon icon_atleft\" title=\"Transport\" href=\"\/de\/andere-spezialitaten\/entfetten\/\"><i class=\"fas fa-plus\"><\/i><span class=\"w-btn-label\">Entfetten<\/span><\/a><\/div><\/div><\/div><\/div><div class=\"vc_col-sm-6 wpb_column vc_column_container word-hyphens\"><div class=\"vc_column-inner\"><div class=\"wpb_wrapper\"><div class=\"w-btn-wrapper align_none\"><a class=\"w-btn us-btn-style_4 mw-plus-icon icon_atleft\" title=\"Transport\" href=\"\/de\/spezifische-dienstleistungen\/logistik\/\"><i class=\"fas fa-plus\"><\/i><span class=\"w-btn-label\">Logistik<\/span><\/a><\/div><div class=\"w-btn-wrapper align_none\"><a class=\"w-btn us-btn-style_4 mw-plus-icon icon_atleft\" title=\"Reinigen van warmtewisselaars\" href=\"\/de\/spezifische-dienstleistungen\/reinigung-von-warmetauscher\/\"><i class=\"fas fa-plus\"><\/i><span class=\"w-btn-label\">Reinigung von W\u00e4rmetauscher<\/span><\/a><\/div><div class=\"w-btn-wrapper align_none\"><a class=\"w-btn us-btn-style_4 mw-plus-icon icon_atleft\" title=\"Reinigen elektromotoren\" href=\"\/de\/spezifische-dienstleistungen\/reinigung-von-elektromotor\/\"><i class=\"fas fa-plus\"><\/i><span class=\"w-btn-label\">Reinigung von Elektromotor<\/span><\/a><\/div><div class=\"w-btn-wrapper align_none\"><a class=\"w-btn us-btn-style_4 mw-plus-icon icon_atleft\" title=\"Bakkerijgereedschap\" href=\"\/de\/spezifische-dienstleistungen\/backwerkzeuge\/\"><i class=\"fas fa-plus\"><\/i><span class=\"w-btn-label\">Backwerkzeuge<\/span><\/a><\/div><\/div><\/div><\/div><\/div><\/div><\/div><\/div><\/div><\/div><\/section>\n","protected":false},"excerpt":{"rendered":"Seit 2014 ist C&amp;T Technics BV Teil der ABL-TECHNIC-Gruppe. Der Weltmarktf\u00fchrer im Bereich der Reinigungs- und Entlackungstechniken. Nach mehr als 7 Jahren ist es an der Zeit, unseren Namen und Auftritt einheitlich zur ABL-TECHNIC-Gruppe zu machen. Ab dem 1. Januar 2022 werden wir als Unternehmen auftreten: ABL TECHNIC UDEN Was \u00e4ndert sich sonst noch f\u00fcr...","protected":false},"author":1,"featured_media":0,"parent":0,"menu_order":0,"comment_status":"closed","ping_status":"open","template":"","meta":{"_acf_changed":false,"footnotes":""},"class_list":["post-2","page","type-page","status-publish","hentry"],"acf":[],"yoast_head":"<!-- This site is optimized with the Yoast SEO plugin v26.6 - https:\/\/yoast.com\/wordpress\/plugins\/seo\/ -->\n<title>Startseite - ABL-Technic Uden<\/title>\n<meta name=\"robots\" content=\"index, follow, max-snippet:-1, max-image-preview:large, max-video-preview:-1\" \/>\n<link rel=\"canonical\" href=\"https:\/\/www.abl-technic-uden.com\/de\/\" \/>\n<meta property=\"og:locale\" content=\"de_DE\" \/>\n<meta property=\"og:type\" content=\"article\" \/>\n<meta property=\"og:title\" content=\"Startseite - ABL-Technic Uden\" \/>\n<meta property=\"og:url\" content=\"https:\/\/www.abl-technic-uden.com\/de\/\" \/>\n<meta property=\"og:site_name\" content=\"ABL-Technic Uden\" \/>\n<meta property=\"article:modified_time\" content=\"2024-02-13T10:49:27+00:00\" \/>\n<meta name=\"twitter:card\" content=\"summary_large_image\" \/>\n<meta name=\"twitter:label1\" content=\"Gesch\u00e4tzte Lesezeit\" \/>\n\t<meta name=\"twitter:data1\" content=\"2\u00a0Minuten\" \/>\n<script type=\"application\/ld+json\" class=\"yoast-schema-graph\">{\"@context\":\"https:\/\/schema.org\",\"@graph\":[{\"@type\":\"WebPage\",\"@id\":\"https:\/\/www.abl-technic-uden.com\/de\/\",\"url\":\"https:\/\/www.abl-technic-uden.com\/de\/\",\"name\":\"Startseite - ABL-Technic Uden\",\"isPartOf\":{\"@id\":\"https:\/\/www.abl-technic-uden.com\/de\/#website\"},\"datePublished\":\"2019-12-16T11:07:54+00:00\",\"dateModified\":\"2024-02-13T10:49:27+00:00\",\"breadcrumb\":{\"@id\":\"https:\/\/www.abl-technic-uden.com\/de\/#breadcrumb\"},\"inLanguage\":\"de\",\"potentialAction\":[{\"@type\":\"ReadAction\",\"target\":[\"https:\/\/www.abl-technic-uden.com\/de\/\"]}]},{\"@type\":\"BreadcrumbList\",\"@id\":\"https:\/\/www.abl-technic-uden.com\/de\/#breadcrumb\",\"itemListElement\":[{\"@type\":\"ListItem\",\"position\":1,\"name\":\"Home\",\"item\":\"https:\/\/www.abl-technic-uden.com\/de\/\"},{\"@type\":\"ListItem\",\"position\":2,\"name\":\"Startseite\"}]},{\"@type\":\"WebSite\",\"@id\":\"https:\/\/www.abl-technic-uden.com\/de\/#website\",\"url\":\"https:\/\/www.abl-technic-uden.com\/de\/\",\"name\":\"ABL-Technic Uden\",\"description\":\"\",\"potentialAction\":[{\"@type\":\"SearchAction\",\"target\":{\"@type\":\"EntryPoint\",\"urlTemplate\":\"https:\/\/www.abl-technic-uden.com\/de\/?s={search_term_string}\"},\"query-input\":{\"@type\":\"PropertyValueSpecification\",\"valueRequired\":true,\"valueName\":\"search_term_string\"}}],\"inLanguage\":\"de\"}]}<\/script>\n<!-- \/ Yoast SEO plugin. -->","yoast_head_json":{"title":"Startseite - ABL-Technic Uden","robots":{"index":"index","follow":"follow","max-snippet":"max-snippet:-1","max-image-preview":"max-image-preview:large","max-video-preview":"max-video-preview:-1"},"canonical":"https:\/\/www.abl-technic-uden.com\/de\/","og_locale":"de_DE","og_type":"article","og_title":"Startseite - ABL-Technic Uden","og_url":"https:\/\/www.abl-technic-uden.com\/de\/","og_site_name":"ABL-Technic Uden","article_modified_time":"2024-02-13T10:49:27+00:00","twitter_card":"summary_large_image","twitter_misc":{"Gesch\u00e4tzte Lesezeit":"2\u00a0Minuten"},"schema":{"@context":"https:\/\/schema.org","@graph":[{"@type":"WebPage","@id":"https:\/\/www.abl-technic-uden.com\/de\/","url":"https:\/\/www.abl-technic-uden.com\/de\/","name":"Startseite - ABL-Technic Uden","isPartOf":{"@id":"https:\/\/www.abl-technic-uden.com\/de\/#website"},"datePublished":"2019-12-16T11:07:54+00:00","dateModified":"2024-02-13T10:49:27+00:00","breadcrumb":{"@id":"https:\/\/www.abl-technic-uden.com\/de\/#breadcrumb"},"inLanguage":"de","potentialAction":[{"@type":"ReadAction","target":["https:\/\/www.abl-technic-uden.com\/de\/"]}]},{"@type":"BreadcrumbList","@id":"https:\/\/www.abl-technic-uden.com\/de\/#breadcrumb","itemListElement":[{"@type":"ListItem","position":1,"name":"Home","item":"https:\/\/www.abl-technic-uden.com\/de\/"},{"@type":"ListItem","position":2,"name":"Startseite"}]},{"@type":"WebSite","@id":"https:\/\/www.abl-technic-uden.com\/de\/#website","url":"https:\/\/www.abl-technic-uden.com\/de\/","name":"ABL-Technic Uden","description":"","potentialAction":[{"@type":"SearchAction","target":{"@type":"EntryPoint","urlTemplate":"https:\/\/www.abl-technic-uden.com\/de\/?s={search_term_string}"},"query-input":{"@type":"PropertyValueSpecification","valueRequired":true,"valueName":"search_term_string"}}],"inLanguage":"de"}]}},"_links":{"self":[{"href":"https:\/\/www.abl-technic-uden.com\/de\/wp-json\/wp\/v2\/pages\/2","targetHints":{"allow":["GET"]}}],"collection":[{"href":"https:\/\/www.abl-technic-uden.com\/de\/wp-json\/wp\/v2\/pages"}],"about":[{"href":"https:\/\/www.abl-technic-uden.com\/de\/wp-json\/wp\/v2\/types\/page"}],"author":[{"embeddable":true,"href":"https:\/\/www.abl-technic-uden.com\/de\/wp-json\/wp\/v2\/users\/1"}],"replies":[{"embeddable":true,"href":"https:\/\/www.abl-technic-uden.com\/de\/wp-json\/wp\/v2\/comments?post=2"}],"version-history":[{"count":20,"href":"https:\/\/www.abl-technic-uden.com\/de\/wp-json\/wp\/v2\/pages\/2\/revisions"}],"predecessor-version":[{"id":1670,"href":"https:\/\/www.abl-technic-uden.com\/de\/wp-json\/wp\/v2\/pages\/2\/revisions\/1670"}],"wp:attachment":[{"href":"https:\/\/www.abl-technic-uden.com\/de\/wp-json\/wp\/v2\/media?parent=2"}],"curies":[{"name":"wp","href":"https:\/\/api.w.org\/{rel}","templated":true}]}}