{"id":533,"date":"2020-02-24T10:22:42","date_gmt":"2020-02-24T09:22:42","guid":{"rendered":"https:\/\/www.abl-technic-uden.com\/de\/?page_id=533"},"modified":"2023-04-24T10:31:08","modified_gmt":"2023-04-24T08:31:08","slug":"abl-technic-group","status":"publish","type":"page","link":"https:\/\/www.abl-technic-uden.com\/de\/uber-uns\/abl-technic-group\/","title":{"rendered":"ABL Technic Group"},"content":{"rendered":"<section class=\"l-section wpb_row mw-custom-height menu-margin height_auto\"><div class=\"l-section-h i-cf\"><div class=\"g-cols vc_row via_flex valign_middle type_default stacking_default\"><div class=\"vc_col-sm-12 wpb_column vc_column_container\"><div class=\"vc_column-inner\"><div class=\"wpb_wrapper\"><div class=\"g-cols wpb_row mw-inner-row via_flex valign_middle type_default stacking_default\"><div class=\"vc_col-sm-6 wpb_column vc_column_container mc-animate-zoom-out-right mc-animate-delay-1000\"><div class=\"vc_column-inner\"><div class=\"wpb_wrapper\"><div class=\"wpb_text_column wit\"><div class=\"wpb_wrapper\"><\/div><\/div><\/div><\/div><\/div><div class=\"vc_col-sm-6 wpb_column vc_column_container\"><div class=\"vc_column-inner\"><div class=\"wpb_wrapper\"><\/div><\/div><\/div><\/div><\/div><\/div><\/div><\/div><\/div><\/section><section class=\"l-section wpb_row height_medium\"><div class=\"l-section-h i-cf\"><div class=\"g-cols vc_row via_flex valign_middle type_default stacking_default\"><div class=\"vc_col-sm-8 wpb_column vc_column_container custom-padding-right\"><div class=\"vc_column-inner\"><div class=\"wpb_wrapper\"><div class=\"wpb_text_column\"><div class=\"wpb_wrapper\"><h2>ABL-Technic Uden (vorher C&amp;T Technics) &amp; ABL-Technic Group<\/h2>\n<\/div><\/div><div class=\"wpb_text_column\"><div class=\"wpb_wrapper\"><p>Als Teil der <a href=\"https:\/\/www.abl-technic.de\/willkommen-bei-abl-technic\" target=\"_blank\" rel=\"noopener noreferrer\">ABL Technic Group<\/a> ist ABL-Technic Uden nicht nur Marktf\u00fchrer in den Niederlanden, sondern auch weltweit aktiv. Nat\u00fcrlich nutzen wir alle globalen Kenntnisse, Fachkenntnisse, Technologien und Innovationen von ABL f\u00fcr unsere Dienstleistungen f\u00fcr Sie. Wenn Sie (auch) im Ausland ans\u00e4ssig sind, k\u00f6nnen wir Ihnen auch von einem anderen Ort in Ihrer N\u00e4he aus helfen<\/p>\n<\/div><\/div><\/div><\/div><\/div><div class=\"vc_col-sm-4 wpb_column vc_column_container\"><div class=\"vc_column-inner\"><div class=\"wpb_wrapper\"><div class=\"w-image align_none\"><div class=\"w-image-h\"><img decoding=\"async\" width=\"900\" height=\"172\" src=\"https:\/\/www.abl-technic-uden.com\/de\/wp-content\/uploads\/2020\/02\/csm_abl-technic-zwart.png\" class=\"attachment-large size-large\" alt=\"\" loading=\"lazy\" srcset=\"https:\/\/www.abl-technic-uden.com\/de\/wp-content\/uploads\/2020\/02\/csm_abl-technic-zwart.png 900w, https:\/\/www.abl-technic-uden.com\/de\/wp-content\/uploads\/2020\/02\/csm_abl-technic-zwart-300x57.png 300w\" sizes=\"auto, (max-width: 900px) 100vw, 900px\" \/><\/div><\/div><\/div><\/div><\/div><\/div><\/div><\/section>\n","protected":false},"excerpt":{"rendered":"ABL-Technic Uden (vorher C&amp;T Technics) &amp; ABL-Technic Group Als Teil der ABL Technic Group ist ABL-Technic Uden nicht nur Marktf\u00fchrer in den Niederlanden, sondern auch weltweit aktiv. Nat\u00fcrlich nutzen wir alle globalen Kenntnisse, Fachkenntnisse, Technologien und Innovationen von ABL f\u00fcr unsere Dienstleistungen f\u00fcr Sie. Wenn Sie (auch) im Ausland ans\u00e4ssig sind, k\u00f6nnen wir Ihnen auch...","protected":false},"author":1,"featured_media":0,"parent":23,"menu_order":0,"comment_status":"closed","ping_status":"closed","template":"","meta":{"_acf_changed":false,"footnotes":""},"class_list":["post-533","page","type-page","status-publish","hentry"],"acf":[],"yoast_head":"<!-- This site is optimized with the Yoast SEO plugin v26.6 - https:\/\/yoast.com\/wordpress\/plugins\/seo\/ -->\n<title>ABL Technic Group - ABL-Technic Uden<\/title>\n<meta name=\"robots\" content=\"index, follow, max-snippet:-1, max-image-preview:large, max-video-preview:-1\" \/>\n<link rel=\"canonical\" href=\"https:\/\/www.abl-technic-uden.com\/de\/uber-uns\/abl-technic-group\/\" \/>\n<meta property=\"og:locale\" content=\"de_DE\" \/>\n<meta property=\"og:type\" content=\"article\" \/>\n<meta property=\"og:title\" content=\"ABL Technic Group - ABL-Technic Uden\" \/>\n<meta property=\"og:url\" content=\"https:\/\/www.abl-technic-uden.com\/de\/uber-uns\/abl-technic-group\/\" \/>\n<meta property=\"og:site_name\" content=\"ABL-Technic Uden\" \/>\n<meta property=\"article:modified_time\" content=\"2023-04-24T08:31:08+00:00\" \/>\n<meta name=\"twitter:card\" content=\"summary_large_image\" \/>\n<meta name=\"twitter:label1\" content=\"Gesch\u00e4tzte Lesezeit\" \/>\n\t<meta name=\"twitter:data1\" content=\"1\u00a0Minute\" \/>\n<script type=\"application\/ld+json\" class=\"yoast-schema-graph\">{\"@context\":\"https:\/\/schema.org\",\"@graph\":[{\"@type\":\"WebPage\",\"@id\":\"https:\/\/www.abl-technic-uden.com\/de\/uber-uns\/abl-technic-group\/\",\"url\":\"https:\/\/www.abl-technic-uden.com\/de\/uber-uns\/abl-technic-group\/\",\"name\":\"ABL Technic Group - ABL-Technic Uden\",\"isPartOf\":{\"@id\":\"https:\/\/www.abl-technic-uden.com\/de\/#website\"},\"datePublished\":\"2020-02-24T09:22:42+00:00\",\"dateModified\":\"2023-04-24T08:31:08+00:00\",\"breadcrumb\":{\"@id\":\"https:\/\/www.abl-technic-uden.com\/de\/uber-uns\/abl-technic-group\/#breadcrumb\"},\"inLanguage\":\"de\",\"potentialAction\":[{\"@type\":\"ReadAction\",\"target\":[\"https:\/\/www.abl-technic-uden.com\/de\/uber-uns\/abl-technic-group\/\"]}]},{\"@type\":\"BreadcrumbList\",\"@id\":\"https:\/\/www.abl-technic-uden.com\/de\/uber-uns\/abl-technic-group\/#breadcrumb\",\"itemListElement\":[{\"@type\":\"ListItem\",\"position\":1,\"name\":\"Home\",\"item\":\"https:\/\/www.abl-technic-uden.com\/de\/\"},{\"@type\":\"ListItem\",\"position\":2,\"name\":\"\u00dcber uns\",\"item\":\"https:\/\/www.abl-technic-uden.com\/de\/uber-uns\/\"},{\"@type\":\"ListItem\",\"position\":3,\"name\":\"ABL Technic Group\"}]},{\"@type\":\"WebSite\",\"@id\":\"https:\/\/www.abl-technic-uden.com\/de\/#website\",\"url\":\"https:\/\/www.abl-technic-uden.com\/de\/\",\"name\":\"ABL-Technic Uden\",\"description\":\"\",\"potentialAction\":[{\"@type\":\"SearchAction\",\"target\":{\"@type\":\"EntryPoint\",\"urlTemplate\":\"https:\/\/www.abl-technic-uden.com\/de\/?s={search_term_string}\"},\"query-input\":{\"@type\":\"PropertyValueSpecification\",\"valueRequired\":true,\"valueName\":\"search_term_string\"}}],\"inLanguage\":\"de\"}]}<\/script>\n<!-- \/ Yoast SEO plugin. -->","yoast_head_json":{"title":"ABL Technic Group - ABL-Technic Uden","robots":{"index":"index","follow":"follow","max-snippet":"max-snippet:-1","max-image-preview":"max-image-preview:large","max-video-preview":"max-video-preview:-1"},"canonical":"https:\/\/www.abl-technic-uden.com\/de\/uber-uns\/abl-technic-group\/","og_locale":"de_DE","og_type":"article","og_title":"ABL Technic Group - ABL-Technic Uden","og_url":"https:\/\/www.abl-technic-uden.com\/de\/uber-uns\/abl-technic-group\/","og_site_name":"ABL-Technic Uden","article_modified_time":"2023-04-24T08:31:08+00:00","twitter_card":"summary_large_image","twitter_misc":{"Gesch\u00e4tzte Lesezeit":"1\u00a0Minute"},"schema":{"@context":"https:\/\/schema.org","@graph":[{"@type":"WebPage","@id":"https:\/\/www.abl-technic-uden.com\/de\/uber-uns\/abl-technic-group\/","url":"https:\/\/www.abl-technic-uden.com\/de\/uber-uns\/abl-technic-group\/","name":"ABL Technic Group - ABL-Technic Uden","isPartOf":{"@id":"https:\/\/www.abl-technic-uden.com\/de\/#website"},"datePublished":"2020-02-24T09:22:42+00:00","dateModified":"2023-04-24T08:31:08+00:00","breadcrumb":{"@id":"https:\/\/www.abl-technic-uden.com\/de\/uber-uns\/abl-technic-group\/#breadcrumb"},"inLanguage":"de","potentialAction":[{"@type":"ReadAction","target":["https:\/\/www.abl-technic-uden.com\/de\/uber-uns\/abl-technic-group\/"]}]},{"@type":"BreadcrumbList","@id":"https:\/\/www.abl-technic-uden.com\/de\/uber-uns\/abl-technic-group\/#breadcrumb","itemListElement":[{"@type":"ListItem","position":1,"name":"Home","item":"https:\/\/www.abl-technic-uden.com\/de\/"},{"@type":"ListItem","position":2,"name":"\u00dcber uns","item":"https:\/\/www.abl-technic-uden.com\/de\/uber-uns\/"},{"@type":"ListItem","position":3,"name":"ABL Technic Group"}]},{"@type":"WebSite","@id":"https:\/\/www.abl-technic-uden.com\/de\/#website","url":"https:\/\/www.abl-technic-uden.com\/de\/","name":"ABL-Technic Uden","description":"","potentialAction":[{"@type":"SearchAction","target":{"@type":"EntryPoint","urlTemplate":"https:\/\/www.abl-technic-uden.com\/de\/?s={search_term_string}"},"query-input":{"@type":"PropertyValueSpecification","valueRequired":true,"valueName":"search_term_string"}}],"inLanguage":"de"}]}},"_links":{"self":[{"href":"https:\/\/www.abl-technic-uden.com\/de\/wp-json\/wp\/v2\/pages\/533","targetHints":{"allow":["GET"]}}],"collection":[{"href":"https:\/\/www.abl-technic-uden.com\/de\/wp-json\/wp\/v2\/pages"}],"about":[{"href":"https:\/\/www.abl-technic-uden.com\/de\/wp-json\/wp\/v2\/types\/page"}],"author":[{"embeddable":true,"href":"https:\/\/www.abl-technic-uden.com\/de\/wp-json\/wp\/v2\/users\/1"}],"replies":[{"embeddable":true,"href":"https:\/\/www.abl-technic-uden.com\/de\/wp-json\/wp\/v2\/comments?post=533"}],"version-history":[{"count":20,"href":"https:\/\/www.abl-technic-uden.com\/de\/wp-json\/wp\/v2\/pages\/533\/revisions"}],"predecessor-version":[{"id":1630,"href":"https:\/\/www.abl-technic-uden.com\/de\/wp-json\/wp\/v2\/pages\/533\/revisions\/1630"}],"up":[{"embeddable":true,"href":"https:\/\/www.abl-technic-uden.com\/de\/wp-json\/wp\/v2\/pages\/23"}],"wp:attachment":[{"href":"https:\/\/www.abl-technic-uden.com\/de\/wp-json\/wp\/v2\/media?parent=533"}],"curies":[{"name":"wp","href":"https:\/\/api.w.org\/{rel}","templated":true}]}}