{"id":654,"date":"2020-03-12T11:46:37","date_gmt":"2020-03-12T10:46:37","guid":{"rendered":"https:\/\/www.abl-technic-uden.com\/de\/?page_id=654"},"modified":"2022-01-17T14:37:37","modified_gmt":"2022-01-17T13:37:37","slug":"csr","status":"publish","type":"page","link":"https:\/\/www.abl-technic-uden.com\/de\/csr\/","title":{"rendered":"CSR"},"content":{"rendered":"<section class=\"l-section wpb_row mw-custom-height menu-margin height_auto with_img\"><div class=\"l-section-img\" role=\"img\" data-img-width=\"2560\" data-img-height=\"829\" style=\"background-image: url(https:\/\/www.abl-technic-uden.com\/de\/wp-content\/uploads\/2022\/01\/boom-scaled.jpg);background-repeat: no-repeat;\"><\/div><div class=\"l-section-h i-cf\"><div class=\"g-cols vc_row via_flex valign_middle type_default stacking_default\"><div class=\"vc_col-sm-12 wpb_column vc_column_container\"><div class=\"vc_column-inner\"><div class=\"wpb_wrapper\"><div class=\"g-cols wpb_row mw-inner-row via_flex valign_middle type_default stacking_default\"><div class=\"vc_col-sm-6 wpb_column vc_column_container mc-animate-zoom-out-right mc-animate-delay-1000\"><div class=\"vc_column-inner\"><div class=\"wpb_wrapper\"><div class=\"wpb_text_column wit shadow\"><div class=\"wpb_wrapper\"><h1>Corporate Social<br \/>\nResponsibility<\/h1>\n<\/div><\/div><\/div><\/div><\/div><div class=\"vc_col-sm-6 wpb_column vc_column_container\"><div class=\"vc_column-inner\"><div class=\"wpb_wrapper\"><\/div><\/div><\/div><\/div><\/div><\/div><\/div><\/div><\/div><\/section><section class=\"l-section wpb_row us_custom_8a398476 height_medium\"><div class=\"l-section-h i-cf\"><div class=\"g-cols vc_row via_flex valign_top type_default stacking_default\"><div class=\"vc_col-sm-6 wpb_column vc_column_container custom-padding-right\"><div class=\"vc_column-inner\"><div class=\"wpb_wrapper\"><div class=\"wpb_text_column\"><div class=\"wpb_wrapper\"><p>Umwelt- und Energiethemen sind uns sehr wichtig. Aus diesem Grund haben wir ein kettenweites CSR-Programm entwickelt, das sich auf die Rohstoffe, das Produkt, die Logistik, den Arbeitsplatz und die Prozesse sowie den Mitarbeiter konzentriert. Wir sehen es als unsere Pflicht an, die koordinierende Rolle f\u00fcr das bestm\u00f6gliche Lebens- und Arbeitsumfeld zu \u00fcbernehmen. Intern und extern sind wir am Steuer, um Menschen und umweltfreundliche Leistungen zu erzielen. Mit einem Herzen f\u00fcr die Umwelt aller. Wir nennen dies auch unbegrenzte Unterscheidung beim Entlacken.<\/p>\n<p>Nachhaltiges Arbeiten ist ein fester Bestandteil unserer t\u00e4glichen Praxis. Wir geben Ihnen einige Beispiele.<\/p>\n<\/div><\/div><div class=\"wpb_text_column\"><div class=\"wpb_wrapper\"><p>Unsere technischen Spezialisten verf\u00fcgen \u00fcber mehr als 25 Jahre praktische Erfahrung und haben pers\u00f6nlich zur Entwicklung umweltfreundlicher SULEP-Techniken (SUper Low Emission Plant) beigetragen. In der Entlackungs- und Reinigungsbranche sind wir bis heute f\u00fchrend bei umweltfreundlichen Anwendungen.<\/p>\n<\/div><\/div><\/div><\/div><\/div><div class=\"vc_col-sm-6 wpb_column vc_column_container custom-padding-right\"><div class=\"vc_column-inner\"><div class=\"wpb_wrapper\"><div class=\"wpb_text_column\"><div class=\"wpb_wrapper\"><p>Wir arbeiten &#8211; nat\u00fcrlich &#8211; ausschlie\u00dflich im Rahmen der Genehmigung des Umweltmanagementgesetzes, der Eural-Abfallliste und der aktuellsten europ\u00e4ischen Vorschriften wie IPPC, und dies auf der Grundlage eines starken Gef\u00fchls der Mitverantwortung f\u00fcr unser Lebensumfeld. Keine leeren Worte, sondern t\u00e4gliche C&amp;T-Praxis.<\/p>\n<p>Unsere Abwasserbehandlung durch Reinigung leistet auch einen wesentlichen Beitrag zur Nachhaltigkeit und zum Umweltbewusstsein. Bei C&amp;T Technics wird kein Tropfen Prozesswasser in den Abwasserkanal eingeleitet.<\/p>\n<\/div><\/div><div class=\"w-image mw-mvo-img align_none\"><div class=\"w-image-h\"><img decoding=\"async\" width=\"943\" height=\"443\" src=\"https:\/\/www.abl-technic-uden.com\/de\/wp-content\/uploads\/2020\/03\/Adobestock_1166.png\" class=\"attachment-large size-large\" alt=\"\" loading=\"lazy\" srcset=\"https:\/\/www.abl-technic-uden.com\/de\/wp-content\/uploads\/2020\/03\/Adobestock_1166.png 943w, https:\/\/www.abl-technic-uden.com\/de\/wp-content\/uploads\/2020\/03\/Adobestock_1166-300x141.png 300w\" sizes=\"auto, (max-width: 943px) 100vw, 943px\" \/><\/div><\/div><\/div><\/div><\/div><\/div><\/div><\/section><section class=\"l-section wpb_row us_custom_4cfb87d6 height_medium\"><div class=\"l-section-h i-cf\"><div class=\"g-cols vc_row via_flex valign_top type_default stacking_default\"><div class=\"vc_col-sm-12 wpb_column vc_column_container\"><div class=\"vc_column-inner\"><div class=\"wpb_wrapper\"><div class=\"g-cols wpb_row via_flex valign_top type_default stacking_default\"><div class=\"vc_col-sm-4 wpb_column vc_column_container mw-custom-img-hover\"><div class=\"vc_column-inner\"><div class=\"wpb_wrapper\"><div class=\"w-image align_none\"><div class=\"w-image-h\"><img decoding=\"async\" width=\"1000\" height=\"665\" src=\"https:\/\/www.abl-technic-uden.com\/de\/wp-content\/uploads\/2020\/04\/Waterzuivering.jpg\" class=\"attachment-large size-large\" alt=\"\" loading=\"lazy\" srcset=\"https:\/\/www.abl-technic-uden.com\/de\/wp-content\/uploads\/2020\/04\/Waterzuivering.jpg 1000w, https:\/\/www.abl-technic-uden.com\/de\/wp-content\/uploads\/2020\/04\/Waterzuivering-300x200.jpg 300w\" sizes=\"auto, (max-width: 1000px) 100vw, 1000px\" \/><\/div><\/div><\/div><\/div><\/div><div class=\"vc_col-sm-4 wpb_column vc_column_container mw-custom-img-hover\"><div class=\"vc_column-inner\"><div class=\"wpb_wrapper\"><div class=\"w-image align_none\"><div class=\"w-image-h\"><img decoding=\"async\" width=\"1000\" height=\"665\" src=\"https:\/\/www.abl-technic-uden.com\/de\/wp-content\/uploads\/2020\/04\/gaswasser-edited.jpg\" class=\"attachment-large size-large\" alt=\"\" loading=\"lazy\" srcset=\"https:\/\/www.abl-technic-uden.com\/de\/wp-content\/uploads\/2020\/04\/gaswasser-edited.jpg 1000w, https:\/\/www.abl-technic-uden.com\/de\/wp-content\/uploads\/2020\/04\/gaswasser-edited-300x200.jpg 300w\" sizes=\"auto, (max-width: 1000px) 100vw, 1000px\" \/><\/div><\/div><\/div><\/div><\/div><div class=\"vc_col-sm-4 wpb_column vc_column_container mw-custom-img-hover\"><div class=\"vc_column-inner\"><div class=\"wpb_wrapper\"><div class=\"w-image align_none\"><div class=\"w-image-h\"><img decoding=\"async\" width=\"1000\" height=\"665\" src=\"https:\/\/www.abl-technic-uden.com\/de\/wp-content\/uploads\/2020\/04\/grote-oven.jpg\" class=\"attachment-large size-large\" alt=\"\" loading=\"lazy\" srcset=\"https:\/\/www.abl-technic-uden.com\/de\/wp-content\/uploads\/2020\/04\/grote-oven.jpg 1000w, https:\/\/www.abl-technic-uden.com\/de\/wp-content\/uploads\/2020\/04\/grote-oven-300x200.jpg 300w\" sizes=\"auto, (max-width: 1000px) 100vw, 1000px\" \/><\/div><\/div><\/div><\/div><\/div><\/div><\/div><\/div><\/div><\/div><\/div><\/section>\n","protected":false},"excerpt":{"rendered":"Corporate Social Responsibility Umwelt- und Energiethemen sind uns sehr wichtig. Aus diesem Grund haben wir ein kettenweites CSR-Programm entwickelt, das sich auf die Rohstoffe, das Produkt, die Logistik, den Arbeitsplatz und die Prozesse sowie den Mitarbeiter konzentriert. Wir sehen es als unsere Pflicht an, die koordinierende Rolle f\u00fcr das bestm\u00f6gliche Lebens- und Arbeitsumfeld zu \u00fcbernehmen....","protected":false},"author":1,"featured_media":0,"parent":0,"menu_order":0,"comment_status":"closed","ping_status":"closed","template":"","meta":{"_acf_changed":false,"footnotes":""},"class_list":["post-654","page","type-page","status-publish","hentry"],"acf":[],"yoast_head":"<!-- This site is optimized with the Yoast SEO plugin v26.6 - https:\/\/yoast.com\/wordpress\/plugins\/seo\/ -->\n<title>CSR - ABL-Technic Uden<\/title>\n<meta name=\"robots\" content=\"index, follow, max-snippet:-1, max-image-preview:large, max-video-preview:-1\" \/>\n<link rel=\"canonical\" href=\"https:\/\/www.abl-technic-uden.com\/de\/csr\/\" \/>\n<meta property=\"og:locale\" content=\"de_DE\" \/>\n<meta property=\"og:type\" content=\"article\" \/>\n<meta property=\"og:title\" content=\"CSR - ABL-Technic Uden\" \/>\n<meta property=\"og:url\" content=\"https:\/\/www.abl-technic-uden.com\/de\/csr\/\" \/>\n<meta property=\"og:site_name\" content=\"ABL-Technic Uden\" \/>\n<meta property=\"article:modified_time\" content=\"2022-01-17T13:37:37+00:00\" \/>\n<meta name=\"twitter:card\" content=\"summary_large_image\" \/>\n<meta name=\"twitter:label1\" content=\"Gesch\u00e4tzte Lesezeit\" \/>\n\t<meta name=\"twitter:data1\" content=\"2\u00a0Minuten\" \/>\n<script type=\"application\/ld+json\" class=\"yoast-schema-graph\">{\"@context\":\"https:\/\/schema.org\",\"@graph\":[{\"@type\":\"WebPage\",\"@id\":\"https:\/\/www.abl-technic-uden.com\/de\/csr\/\",\"url\":\"https:\/\/www.abl-technic-uden.com\/de\/csr\/\",\"name\":\"CSR - ABL-Technic Uden\",\"isPartOf\":{\"@id\":\"https:\/\/www.abl-technic-uden.com\/de\/#website\"},\"datePublished\":\"2020-03-12T10:46:37+00:00\",\"dateModified\":\"2022-01-17T13:37:37+00:00\",\"breadcrumb\":{\"@id\":\"https:\/\/www.abl-technic-uden.com\/de\/csr\/#breadcrumb\"},\"inLanguage\":\"de\",\"potentialAction\":[{\"@type\":\"ReadAction\",\"target\":[\"https:\/\/www.abl-technic-uden.com\/de\/csr\/\"]}]},{\"@type\":\"BreadcrumbList\",\"@id\":\"https:\/\/www.abl-technic-uden.com\/de\/csr\/#breadcrumb\",\"itemListElement\":[{\"@type\":\"ListItem\",\"position\":1,\"name\":\"Home\",\"item\":\"https:\/\/www.abl-technic-uden.com\/de\/\"},{\"@type\":\"ListItem\",\"position\":2,\"name\":\"CSR\"}]},{\"@type\":\"WebSite\",\"@id\":\"https:\/\/www.abl-technic-uden.com\/de\/#website\",\"url\":\"https:\/\/www.abl-technic-uden.com\/de\/\",\"name\":\"ABL-Technic Uden\",\"description\":\"\",\"potentialAction\":[{\"@type\":\"SearchAction\",\"target\":{\"@type\":\"EntryPoint\",\"urlTemplate\":\"https:\/\/www.abl-technic-uden.com\/de\/?s={search_term_string}\"},\"query-input\":{\"@type\":\"PropertyValueSpecification\",\"valueRequired\":true,\"valueName\":\"search_term_string\"}}],\"inLanguage\":\"de\"}]}<\/script>\n<!-- \/ Yoast SEO plugin. -->","yoast_head_json":{"title":"CSR - ABL-Technic Uden","robots":{"index":"index","follow":"follow","max-snippet":"max-snippet:-1","max-image-preview":"max-image-preview:large","max-video-preview":"max-video-preview:-1"},"canonical":"https:\/\/www.abl-technic-uden.com\/de\/csr\/","og_locale":"de_DE","og_type":"article","og_title":"CSR - ABL-Technic Uden","og_url":"https:\/\/www.abl-technic-uden.com\/de\/csr\/","og_site_name":"ABL-Technic Uden","article_modified_time":"2022-01-17T13:37:37+00:00","twitter_card":"summary_large_image","twitter_misc":{"Gesch\u00e4tzte Lesezeit":"2\u00a0Minuten"},"schema":{"@context":"https:\/\/schema.org","@graph":[{"@type":"WebPage","@id":"https:\/\/www.abl-technic-uden.com\/de\/csr\/","url":"https:\/\/www.abl-technic-uden.com\/de\/csr\/","name":"CSR - ABL-Technic Uden","isPartOf":{"@id":"https:\/\/www.abl-technic-uden.com\/de\/#website"},"datePublished":"2020-03-12T10:46:37+00:00","dateModified":"2022-01-17T13:37:37+00:00","breadcrumb":{"@id":"https:\/\/www.abl-technic-uden.com\/de\/csr\/#breadcrumb"},"inLanguage":"de","potentialAction":[{"@type":"ReadAction","target":["https:\/\/www.abl-technic-uden.com\/de\/csr\/"]}]},{"@type":"BreadcrumbList","@id":"https:\/\/www.abl-technic-uden.com\/de\/csr\/#breadcrumb","itemListElement":[{"@type":"ListItem","position":1,"name":"Home","item":"https:\/\/www.abl-technic-uden.com\/de\/"},{"@type":"ListItem","position":2,"name":"CSR"}]},{"@type":"WebSite","@id":"https:\/\/www.abl-technic-uden.com\/de\/#website","url":"https:\/\/www.abl-technic-uden.com\/de\/","name":"ABL-Technic Uden","description":"","potentialAction":[{"@type":"SearchAction","target":{"@type":"EntryPoint","urlTemplate":"https:\/\/www.abl-technic-uden.com\/de\/?s={search_term_string}"},"query-input":{"@type":"PropertyValueSpecification","valueRequired":true,"valueName":"search_term_string"}}],"inLanguage":"de"}]}},"_links":{"self":[{"href":"https:\/\/www.abl-technic-uden.com\/de\/wp-json\/wp\/v2\/pages\/654","targetHints":{"allow":["GET"]}}],"collection":[{"href":"https:\/\/www.abl-technic-uden.com\/de\/wp-json\/wp\/v2\/pages"}],"about":[{"href":"https:\/\/www.abl-technic-uden.com\/de\/wp-json\/wp\/v2\/types\/page"}],"author":[{"embeddable":true,"href":"https:\/\/www.abl-technic-uden.com\/de\/wp-json\/wp\/v2\/users\/1"}],"replies":[{"embeddable":true,"href":"https:\/\/www.abl-technic-uden.com\/de\/wp-json\/wp\/v2\/comments?post=654"}],"version-history":[{"count":20,"href":"https:\/\/www.abl-technic-uden.com\/de\/wp-json\/wp\/v2\/pages\/654\/revisions"}],"predecessor-version":[{"id":1587,"href":"https:\/\/www.abl-technic-uden.com\/de\/wp-json\/wp\/v2\/pages\/654\/revisions\/1587"}],"wp:attachment":[{"href":"https:\/\/www.abl-technic-uden.com\/de\/wp-json\/wp\/v2\/media?parent=654"}],"curies":[{"name":"wp","href":"https:\/\/api.w.org\/{rel}","templated":true}]}}